{"id":18,"date":"2020-08-30T08:25:15","date_gmt":"2020-08-30T08:25:15","guid":{"rendered":"https:\/\/www.educativos.es\/?page_id=18"},"modified":"2026-02-25T10:45:31","modified_gmt":"2026-02-25T10:45:31","slug":"especialidades","status":"publish","type":"page","link":"https:\/\/www.educativos.es\/?page_id=18","title":{"rendered":"Especialidades"},"content":{"rendered":"<p><u>PSICOLOG\u00cdA<\/u>:<\/p>\n<p>Desde esta especialidad aplicamos un conjunto de t\u00e9cnicas y estrategias basadas en las teor\u00edas del aprendizaje y del desarrollo evolutivo, con el objetivo de facilitar y optimizar las habilidades cognitivas y sociales adapt\u00e1ndonos a las necesidades individuales y familiares.<\/p>\n<p>Centramos nuestro trabajo en:<\/p>\n<ul>\n<li>Prevenci\u00f3n\/intervenci\u00f3n en conductas disruptivas.<\/li>\n<li>TDAH (Trastornos por D\u00e9ficit de Atenci\u00f3n e Hiperactividad).<\/li>\n<li>TEA<\/li>\n<li>Discapacidad Cognitiva.<\/li>\n<li>Aprendizaje emocional, etc.<\/li>\n<li>Intervenci\u00f3n socioeducativa (habilidades de la vida diaria).<\/li>\n<li>Formaci\u00f3n y asesoramiento familiar.<\/li>\n<\/ul>\n","protected":false},"excerpt":{"rendered":"<p>PSICOLOG\u00cdA: Desde esta especialidad aplicamos un conjunto de t\u00e9cnicas y estrategias basadas en las teor\u00edas del aprendizaje y del desarrollo evolutivo, con el objetivo de facilitar y optimizar las habilidades cognitivas y sociales adapt\u00e1ndonos a las necesidades individuales y familiares. Centramos nuestro trabajo en: Prevenci\u00f3n\/intervenci\u00f3n en conductas disruptivas. TDAH (Trastornos por D\u00e9ficit de Atenci\u00f3n e &hellip; <\/p>\n","protected":false},"author":1,"featured_media":12,"parent":0,"menu_order":0,"comment_status":"closed","ping_status":"closed","template":"","meta":{"footnotes":""},"class_list":["post-18","page","type-page","status-publish","has-post-thumbnail","hentry"],"_links":{"self":[{"href":"https:\/\/www.educativos.es\/index.php?rest_route=\/wp\/v2\/pages\/18","targetHints":{"allow":["GET"]}}],"collection":[{"href":"https:\/\/www.educativos.es\/index.php?rest_route=\/wp\/v2\/pages"}],"about":[{"href":"https:\/\/www.educativos.es\/index.php?rest_route=\/wp\/v2\/types\/page"}],"author":[{"embeddable":true,"href":"https:\/\/www.educativos.es\/index.php?rest_route=\/wp\/v2\/users\/1"}],"replies":[{"embeddable":true,"href":"https:\/\/www.educativos.es\/index.php?rest_route=%2Fwp%2Fv2%2Fcomments&post=18"}],"version-history":[{"count":9,"href":"https:\/\/www.educativos.es\/index.php?rest_route=\/wp\/v2\/pages\/18\/revisions"}],"predecessor-version":[{"id":431,"href":"https:\/\/www.educativos.es\/index.php?rest_route=\/wp\/v2\/pages\/18\/revisions\/431"}],"wp:featuredmedia":[{"embeddable":true,"href":"https:\/\/www.educativos.es\/index.php?rest_route=\/wp\/v2\/media\/12"}],"wp:attachment":[{"href":"https:\/\/www.educativos.es\/index.php?rest_route=%2Fwp%2Fv2%2Fmedia&parent=18"}],"curies":[{"name":"wp","href":"https:\/\/api.w.org\/{rel}","templated":true}]}}