{"id":36,"date":"2020-08-30T08:36:26","date_gmt":"2020-08-30T08:36:26","guid":{"rendered":"https:\/\/www.educativos.es\/?page_id=36"},"modified":"2025-08-09T06:55:16","modified_gmt":"2025-08-09T06:55:16","slug":"inicio","status":"publish","type":"page","link":"https:\/\/www.educativos.es\/","title":{"rendered":"Inicio"},"content":{"rendered":"<p>Educativos es un centro de desarrollo y aprendizaje, destinado a dar respuesta a las necesidades que presentan los ni\u00f1os y adolescentes entre 0 y 18 a\u00f1os, derivadas de las dificultades y\/o alteraciones transitorias o permanentes en su desarrollo.<\/p>\n<ul>\n<li>TEA (Trastorno del Espectro Autista)<\/li>\n<li>TDAH (Trastorno por D\u00e9ficit de Atenci\u00f3n e Hiperactividad).<\/li>\n<li>Discapacidad intelectual.<\/li>\n<li>Trastornos de la comunicaci\u00f3n.<\/li>\n<li>Trastornos espec\u00edficos del aprendizaje.<\/li>\n<li>Trastornos motores.<\/li>\n<li>Otros trastornos del neurodesarrollo.<\/li>\n<\/ul>\n<p>Somos un centro compuesto por un equipo multidisciplinar de profesionales, cualificados y con experiencia, cuyo objetivo es ofrecer una intervenci\u00f3n integral que permita a los ni\u00f1os y adolescentes, alcanzar el m\u00e1ximo nivel de desarrollo personal y de bienestar, posibilitando su inclusi\u00f3n en el medio familiar, escolar y social, as\u00ed como su autonom\u00eda personal.<\/p>\n","protected":false},"excerpt":{"rendered":"<p>Educativos es un centro de desarrollo y aprendizaje, destinado a dar respuesta a las necesidades que presentan los ni\u00f1os y adolescentes entre 0 y 18 a\u00f1os, derivadas de las dificultades y\/o alteraciones transitorias o permanentes en su desarrollo. TEA (Trastorno del Espectro Autista) TDAH (Trastorno por D\u00e9ficit de Atenci\u00f3n e Hiperactividad). Discapacidad intelectual. Trastornos de &hellip; <\/p>\n","protected":false},"author":1,"featured_media":5,"parent":0,"menu_order":0,"comment_status":"closed","ping_status":"closed","template":"","meta":{"footnotes":""},"class_list":["post-36","page","type-page","status-publish","has-post-thumbnail","hentry"],"_links":{"self":[{"href":"https:\/\/www.educativos.es\/index.php?rest_route=\/wp\/v2\/pages\/36","targetHints":{"allow":["GET"]}}],"collection":[{"href":"https:\/\/www.educativos.es\/index.php?rest_route=\/wp\/v2\/pages"}],"about":[{"href":"https:\/\/www.educativos.es\/index.php?rest_route=\/wp\/v2\/types\/page"}],"author":[{"embeddable":true,"href":"https:\/\/www.educativos.es\/index.php?rest_route=\/wp\/v2\/users\/1"}],"replies":[{"embeddable":true,"href":"https:\/\/www.educativos.es\/index.php?rest_route=%2Fwp%2Fv2%2Fcomments&post=36"}],"version-history":[{"count":8,"href":"https:\/\/www.educativos.es\/index.php?rest_route=\/wp\/v2\/pages\/36\/revisions"}],"predecessor-version":[{"id":427,"href":"https:\/\/www.educativos.es\/index.php?rest_route=\/wp\/v2\/pages\/36\/revisions\/427"}],"wp:featuredmedia":[{"embeddable":true,"href":"https:\/\/www.educativos.es\/index.php?rest_route=\/wp\/v2\/media\/5"}],"wp:attachment":[{"href":"https:\/\/www.educativos.es\/index.php?rest_route=%2Fwp%2Fv2%2Fmedia&parent=36"}],"curies":[{"name":"wp","href":"https:\/\/api.w.org\/{rel}","templated":true}]}}